{"id":33,"date":"2020-07-13T13:00:35","date_gmt":"2020-07-13T11:00:35","guid":{"rendered":"https:\/\/www.cartracker.sk\/?page_id=33"},"modified":"2026-04-20T08:14:26","modified_gmt":"2026-04-20T06:14:26","slug":"digfob-citacka-kariet-a-vyhodnocovacie-zariadenie","status":"publish","type":"page","link":"https:\/\/www.cartracker.sk\/hr\/produkty\/digfob-citacka-kariet-a-vyhodnocovacie-zariadenie\/","title":{"rendered":"\u010cita\u010d kartica i uredaj za procjenu"},"content":{"rendered":"<div class=\"wpb-content-wrapper\"><p>[vc_row][vc_column]<div class=\"smile_icon_list_wrap ult_info_list_container ult-adjust-bottom-margin  \"><ul class=\"smile_icon_list left square with_bg\"><li class=\"icon_list_item\" style=\" font-size:300px;\"><div class=\"icon_list_icon\" data-animation=\"\" data-animation-delay=\"03\" style=\"font-size:100px;border-width:1px;border-style:none;background:#ffffff;color:#333333;border-color:#333333;\"><img decoding=\"async\" class=\"list-img-icon\" alt=\"null\" src=\"https:\/\/www.cartracker.sk\/wp-content\/uploads\/2020\/07\/productthumb_velkost_1592299076.jpg\"\/><\/div><div class=\"icon_description\" id=\"Info-list-wrap-6529\" style=\"font-size:100px;\"><h3 class=\"ult-responsive info-list-heading\"  data-ultimate-target='#Info-list-wrap-6529 h3'  data-responsive-json-new='{\"font-size\":\"desktop:20px;\",\"line-height\":\"desktop:24px;\"}'  style=\"\">digiFOB<\/h3><div class=\"icon_description_text ult-responsive\"  data-ultimate-target='#Info-list-wrap-6529 .icon_description_text'  data-responsive-json-new='{\"font-size\":\"desktop:15px;\",\"line-height\":\"desktop:18px;\"}'  style=\"\"><p><strong>Za informacije o cijenama i mogu\u0107nostima dostave obratite se svom dobavlja\u010du:\u00a0<a href=\"https:\/\/www.comtrans.si\/\">Comtrans d.o.o.<\/a><\/strong><\/p>\n<p>DigiFob je \u010dita\u010d kartica i ure\u0111aj za procjenu u jednom. Digifob poma\u017ee upraviteljima prijevoza ili voza\u010dima u brzom pronala\u017eenju i prikazivanju podataka o karticama i procjeni prekr\u0161aja prema Uredbi EU 561\/2006. Za procjenu nije potrebno ra\u010dunalo, ure\u0111aj ima vlastitu bateriju napunjenu putem USB-a.<\/p>\n<p>Budu\u0107i da su podaci na kartici na uobi\u010dajeni na\u010din ne\u010ditki, digiFob je \u010desto jedino mogu\u0107e rje\u0161enje za prikaz i procjenu podataka ako je voza\u010d izvan mati\u010dne tvrtke.<\/p>\n<p>U nekim zemljama digiFob koriste inspektori uz cestu. Nakon umetanja kartice u roku od 4 sekunde, procjena \u0107e se pojaviti na zaslonu. Ako na zaslonu postoji bilo kakvo kr\u0161enje, voza\u010d se zatim detaljno provjerava, ako ne, voza\u010d mo\u017ee nastaviti put.<\/p>\n<p>Kako digiFob ne prikazuje samo prekr\u0161aje, ve\u0107 i izra\u010dunato vrijeme vo\u017enje \/ pauze \/ rada \/ stanja pripravnosti, pomo\u0107u njega se mo\u017ee brzo saznati koliko voza\u010d jo\u0161 mo\u017ee voziti tog dana \/ tjedna.<\/p>\n<\/div><\/div><div class=\"icon_list_connector\"  style=\"border-right-width: 1px;border-right-style: dashed;border-color: #333333;\"><\/div><\/li><\/ul><\/div>[\/vc_column][\/vc_row]<\/p>\n<\/div>","protected":false},"excerpt":{"rendered":"<p>[vc_row][vc_column][\/vc_column][\/vc_row]<\/p>\n","protected":false},"author":1,"featured_media":0,"parent":10,"menu_order":7,"comment_status":"closed","ping_status":"closed","template":"","meta":{"footnotes":""},"class_list":["post-33","page","type-page","status-publish","hentry","description-off"],"aioseo_notices":[],"_links":{"self":[{"href":"https:\/\/www.cartracker.sk\/hr\/wp-json\/wp\/v2\/pages\/33","targetHints":{"allow":["GET"]}}],"collection":[{"href":"https:\/\/www.cartracker.sk\/hr\/wp-json\/wp\/v2\/pages"}],"about":[{"href":"https:\/\/www.cartracker.sk\/hr\/wp-json\/wp\/v2\/types\/page"}],"author":[{"embeddable":true,"href":"https:\/\/www.cartracker.sk\/hr\/wp-json\/wp\/v2\/users\/1"}],"replies":[{"embeddable":true,"href":"https:\/\/www.cartracker.sk\/hr\/wp-json\/wp\/v2\/comments?post=33"}],"version-history":[{"count":11,"href":"https:\/\/www.cartracker.sk\/hr\/wp-json\/wp\/v2\/pages\/33\/revisions"}],"predecessor-version":[{"id":1966,"href":"https:\/\/www.cartracker.sk\/hr\/wp-json\/wp\/v2\/pages\/33\/revisions\/1966"}],"up":[{"embeddable":true,"href":"https:\/\/www.cartracker.sk\/hr\/wp-json\/wp\/v2\/pages\/10"}],"wp:attachment":[{"href":"https:\/\/www.cartracker.sk\/hr\/wp-json\/wp\/v2\/media?parent=33"}],"curies":[{"name":"wp","href":"https:\/\/api.w.org\/{rel}","templated":true}]}}