{"id":27,"date":"2025-03-17T09:00:27","date_gmt":"2025-03-17T08:00:27","guid":{"rendered":"https:\/\/www.cartracker.sk\/?page_id=27"},"modified":"2025-04-10T14:30:46","modified_gmt":"2025-04-10T12:30:46","slug":"softver","status":"publish","type":"page","link":"https:\/\/www.cartracker.sk\/hr\/produkty\/softver\/","title":{"rendered":"Softver"},"content":{"rendered":"<div class=\"wpb-content-wrapper\"><p>[vc_row][vc_column width=&#8221;2\/3&#8243;][vc_column_text]Program CarTracker TachoTEK lokalno je softversko rje\u0161enje za upravljanje podacima s voza\u010dkih kartica i digitalnog tahografa. Zbog svojih performansi i jednostavnosti upotrebe ovaj je program jedinstveno rje\u0161enje za voza\u010de i prijevozni\u010dke tvrtke.<\/p>\n<p>Najnovija verzija nasljednik je prethodne uspje\u0161ne serije programa TDCS spol. s ro, koja je zapo\u010dela softver Tachograph Driver Card &#8211; verzija 1.4, nastavila se verzijom 2.0.1 pod nazivom Driver Card Software i zavr\u0161ila najuspje\u0161niju verziju TDCS 3.<\/p>\n<p>S obzirom na pojavu novih operativnih sustava Windows 10, do sada smo redizajnirali softver tako da ga je mogu\u0107e neprimjetno instalirati na tim sustavima. Uz to, prilikom dizajniranja novog programa CarTracker Digital stvorili smo alternativu svim prijevoznicima, \u010dija \u0107e funkcionalnost i cijena uglavnom odgovarati i malim i velikim prijevoznicima.<\/p>\n<p>Podr\u017eani jezici: bugarski, \u010de\u0161ki, njema\u010dki, engleski, \u0161panjolski, hrvatski, ma\u0111arski, poljski, slovenski, slova\u010dky, turski<\/p>\n<p>Prezentaciju i vi\u0161e informacija mo\u017eete dobiti na lokalnom distributeru <a href=\"https:\/\/www.comtrans.si\">ComTrans d.o.o<\/a>[\/vc_column_text][\/vc_column][vc_column width=&#8221;1\/3&#8243;][vc_single_image image=&#8221;192&#8243; img_size=&#8221;full&#8221; alignment=&#8221;center&#8221;][\/vc_column][\/vc_row][vc_row][vc_column][vc_column_text]Ovisno o veli\u010dini va\u0161e tvrtke, odaberite verziju:[\/vc_column_text][\/vc_column][\/vc_row][vc_row][vc_column]<div class=\"ult_exp_section_layer ult-adjust-bottom-margin  \" >\n\t\t<div id=\"uvc-exp-wrap-3107\" role=\"button\" tabindex=\"0\" aria-pressed=\"false\"  data-ultimate-target='#uvc-exp-wrap-3107'  data-responsive-json-new='{\"font-size\":\"desktop:20px;\",\"line-height\":\"desktop:20px;\"}'  class=\"ult_exp_section  ult-responsive \" style=\"color:#ffffff;background-color:#398e00; font-weight:normal;  text-align:center;\" data-textcolor=\"#ffffff\"data-texthover=\"#333333\"data-icncolor=\"#ffffff\"data-ihover=\"#333333\"data-height=\"0\"data-cntbg=\"#398e00\"data-cnthvrbg=\"#e5e5e5\"data-headerbg=\"#398e00\"data-headerhover=\"#e5e5e5\"data-title=\"Za veliku tvrtku - CarTracker TachoTEK Company Edition\"data-newtitle=\"Za veliku tvrtku - CarTracker TachoTEK Company Edition\"data-icon=\"icomoon-the7-font-the7-arrow-01\"data-newicon=\"icomoon-the7-font-the7-arrow-01\"data-activeicon=\"#333333\"data-effect=\"slideToggle\"data-override=\"0\"data-activetitle=\"#333333\"data-activebg=\"#dbdbdb\"data-img=\"\"data-newimg=\"\"><div  class=\"ult_exp_section-main ult_expright_icon\">\n\t\t\t\t\t<div class=\"ult_expheader\" >Za veliku tvrtku - CarTracker TachoTEK Company Edition\n\t\t\t\t\t <\/div>\t<div class=\"ult-just-icon-wrapper ult_exp_icon\">\n\t\t\t\t\t<div class=\"align-icon \">\n\t\t\t\t\t\t\n<span class=\"aio-icon  none  ult_expsection_icon \"  style=\"color:#ffffff;font-size:25px;display:inline-block;\">\n\t<i class=\"icomoon-the7-font-the7-arrow-01 ult_ex_icon\"  ><\/i>\n<\/span>\n\t\t\t\t\t<\/div>\n\t\t\t\t<\/div><\/div>\n\t\t\t\t<\/div><div class=\"ult_exp_content \" style=\"background-color:#ffffff;  \"><div class=\"ult_ecpsub_cont\" style=\" \" >[vc_column_text]CarTracker TachoTEK Company Edition &#8211; zove se. &#8220;Puna verzija&#8221; namijenjena velikoj prijevozni\u010dkoj tvrtki, posebno onima koja \u010desto putuju u zemlje izvan svoje mati\u010dne dr\u017eave ili imaju raseljena sredi\u0161ta koja trebaju zasebno nadzirati ili trebaju sinkronizirati lokalne podatke s udaljenim poslu\u017eiteljem.<\/p>\n<p>Dizajniran je za bilo koju prijevozni\u010dku tvrtku koja posjeduje vozilo s digitalnim tahografom. Sadr\u017ei vi\u0161e od 20 ispisa i kontrolnih izvje\u0161\u0107a. Voza\u010di i vozila mogu se podijeliti u centre. Tijekom po\u010detka programa provjeravaju se nadolaze\u0107i planirani datumi, ako postoje, otvara se prozor s obavijestima. Podaci se mogu istovremeno pohraniti u tri neovisna prostora za pohranu. Program uklju\u010duje sinkronizaciju podataka s udaljenom pohranom bilo putem Etherneta ili putem FTP-a. Za komunikaciju s nadzornim tijelima ima ugra\u0111eni izvoz izvornih datoteka, gdje se mo\u017ee odabrati raspon kontroliranih voza\u010da \/ vozila i datumski rasponi. Radi sa svim podatkovnim tipkama: VDO Downloadkey, Tachodrive, Tachosys digiVU, DigiDown Lisle dizajn.<\/p>\n<p>&nbsp;<\/p>\n<p><span style=\"font-size: 12pt;\"><strong>Spremno za 2.Generacija tahografa. Ne ograni\u010dava broj voza\u010da i vozila. Licenca je neograni\u010dena, ne pla\u0107ajte godi\u0161nje naknade.<\/strong><\/span><\/p>\n<p><strong>Sadr\u017ei izvje\u0161\u0107a o ispisu:<\/strong><\/p>\n<p>Potvr\u0111ivanje aktivnosti, Dnevno izvje\u0161\u0107e o aktivnostima, Ukupno tjedno, Ukupno mjese\u010dno, Mjese\u010dne smjene, No\u0107ni rad, Vikend rad, Kr\u0161enja, Sa\u017eetak trajekta \/ vlaka, Sa\u017eetak aktivnosti izvan dometa, Sa\u017eetak podataka o kartici, Izleti, Prekomjerno dodavanje, Vo\u017enja bez kartice, doga\u0111aji i kvarovi na tahografu, obrazac za ru\u010dni unos, popis osoblja, mati\u010dni podaci voza\u010da, popis vozila, mati\u010dni podaci vozila, popis ro\u0111endana, popis voza\u010dkih dozvola.<\/p>\n<p><strong>Cijene, mogu\u0107nosti dostave mogu se dobiti od lokalnog distributera <a href=\"https:\/\/www.comtrans.si\">ComTrans d.o.o.<\/a><\/strong>[\/vc_column_text]<\/div><\/div>\n\n\t\t\t<\/div>[\/vc_column][\/vc_row][vc_row][vc_column]<div class=\"ult_exp_section_layer ult-adjust-bottom-margin  \" >\n\t\t<div id=\"uvc-exp-wrap-4569\" role=\"button\" tabindex=\"0\" aria-pressed=\"false\"  data-ultimate-target='#uvc-exp-wrap-4569'  data-responsive-json-new='{\"font-size\":\"desktop:20px;\",\"line-height\":\"desktop:20px;\"}'  class=\"ult_exp_section  ult-responsive \" style=\"color:#ffffff;background-color:#398e00; font-weight:normal;  text-align:center;\" data-textcolor=\"#ffffff\"data-texthover=\"#333333\"data-icncolor=\"#ffffff\"data-ihover=\"#333333\"data-height=\"0\"data-cntbg=\"#398e00\"data-cnthvrbg=\"#e5e5e5\"data-headerbg=\"#398e00\"data-headerhover=\"#e5e5e5\"data-title=\"Za srednje tvrtke - CarTracker TachoTEK Small Edition\"data-newtitle=\"Za srednje tvrtke - CarTracker TachoTEK Small Edition\"data-icon=\"icomoon-the7-font-the7-arrow-01\"data-newicon=\"icomoon-the7-font-the7-arrow-01\"data-activeicon=\"#333333\"data-effect=\"slideToggle\"data-override=\"0\"data-activetitle=\"#333333\"data-activebg=\"#dbdbdb\"data-img=\"\"data-newimg=\"\"><div  class=\"ult_exp_section-main ult_expright_icon\">\n\t\t\t\t\t<div class=\"ult_expheader\" >Za srednje tvrtke - CarTracker TachoTEK Small Edition\n\t\t\t\t\t <\/div>\t<div class=\"ult-just-icon-wrapper ult_exp_icon\">\n\t\t\t\t\t<div class=\"align-icon \">\n\t\t\t\t\t\t\n<span class=\"aio-icon  none  ult_expsection_icon \"  style=\"color:#ffffff;font-size:25px;display:inline-block;\">\n\t<i class=\"icomoon-the7-font-the7-arrow-01 ult_ex_icon\"  ><\/i>\n<\/span>\n\t\t\t\t\t<\/div>\n\t\t\t\t<\/div><\/div>\n\t\t\t\t<\/div><div class=\"ult_exp_content \" style=\"background-color:#ffffff;  \"><div class=\"ult_ecpsub_cont\" style=\" \" >[vc_column_text]CarTracker TachoTEK Small Edition &#8211; verzija srednje velike prijevozni\u010dke tvrtke, ima odre\u0111ena ograni\u010denja u broju ispisanih izvje\u0161taja, ne mo\u017ee se dodijeliti web lokacijama, a izvoz originalnih datoteka je ograni\u010den.<\/p>\n<p>Dizajniran je za manje prijevozni\u010dke tvrtke, sadr\u017ei samo 5 osnovnih kontrolnih izvje\u0161\u0107a o ispisu plus potvrde o aktivnostima. Tako\u0111er se mo\u017ee koristiti za veliku tvrtku koja ima udaljene centre. Preuzeti podaci \u0161alju se u centar gdje je instaliran CarTracker TachoTEK Comapny Edition.<\/p>\n<p>Voza\u010di i vozila ne mogu se podijeliti u centre. Kada se program pokrene, provjerava se predstoje\u0107i planirani rokovi ako se otvori prozor obavijesti. Podaci se mogu istovremeno pohraniti na tri neovisna mjesta za pohranu, za razliku od izdanja tvrtke, program ne uklju\u010duje ru\u010dnu sinkronizaciju podataka s udaljenom pohranom. Postoji jednostavan izvoz za komunikaciju s nadzornim tijelima ili za slanje izvornih datoteka u centar. Radi sa svim podatkovnim tipkama: VDO Downloadkey, Tachodrive, Tachosys digiVU, DigiDown Lisle design.<\/p>\n<p><span style=\"font-size: 12pt;\"><strong>Spremno za 2.Generacija tahografa. Ne ograni\u010dava broj voza\u010da i vozila. Licenca je neograni\u010dena, ne pla\u0107ajte godi\u0161nje naknade.<\/strong><\/span><\/p>\n<p><strong>Sadr\u017ei izvje\u0161\u0107a o ispisu:<\/strong><\/p>\n<p>Potvrde aktivnosti, No\u0107ni rad, Vikend rad, Kr\u0161enja pravila, Vo\u017enja bez voza\u010dke kartice, Tahografski doga\u0111aji i kvarovi.<\/p>\n<p><strong>Cijene, mogu\u0107nosti dostave mogu se dobiti od lokalnog distributera <a href=\"https:\/\/www.comtrans.si\">ComTrans d.o.o.<\/a><\/strong>[\/vc_column_text]<\/div><\/div>\n\n\t\t\t<\/div>[\/vc_column][\/vc_row][vc_row][vc_column]<div class=\"ult_exp_section_layer ult-adjust-bottom-margin  \" >\n\t\t<div id=\"uvc-exp-wrap-1642\" role=\"button\" tabindex=\"0\" aria-pressed=\"false\"  data-ultimate-target='#uvc-exp-wrap-1642'  data-responsive-json-new='{\"font-size\":\"desktop:20px;\",\"line-height\":\"desktop:20px;\"}'  class=\"ult_exp_section  ult-responsive \" style=\"color:#ffffff;background-color:#398e00; font-weight:normal;  text-align:center;\" data-textcolor=\"#ffffff\"data-texthover=\"#333333\"data-icncolor=\"#ffffff\"data-ihover=\"#333333\"data-height=\"0\"data-cntbg=\"#398e00\"data-cnthvrbg=\"#e5e5e5\"data-headerbg=\"#398e00\"data-headerhover=\"#e5e5e5\"data-title=\"Za malu tvrtku - CarTracker TachoTEK 8 Driver Edition\"data-newtitle=\"Za malu tvrtku - CarTracker TachoTEK 8 Driver Edition\"data-icon=\"icomoon-the7-font-the7-arrow-01\"data-newicon=\"icomoon-the7-font-the7-arrow-01\"data-activeicon=\"#333333\"data-effect=\"slideToggle\"data-override=\"0\"data-activetitle=\"#333333\"data-activebg=\"#dbdbdb\"data-img=\"\"data-newimg=\"\"><div  class=\"ult_exp_section-main ult_expright_icon\">\n\t\t\t\t\t<div class=\"ult_expheader\" >Za malu tvrtku - CarTracker TachoTEK 8 Driver Edition\n\t\t\t\t\t <\/div>\t<div class=\"ult-just-icon-wrapper ult_exp_icon\">\n\t\t\t\t\t<div class=\"align-icon \">\n\t\t\t\t\t\t\n<span class=\"aio-icon  none  ult_expsection_icon \"  style=\"color:#ffffff;font-size:25px;display:inline-block;\">\n\t<i class=\"icomoon-the7-font-the7-arrow-01 ult_ex_icon\"  ><\/i>\n<\/span>\n\t\t\t\t\t<\/div>\n\t\t\t\t<\/div><\/div>\n\t\t\t\t<\/div><div class=\"ult_exp_content \" style=\"background-color:#ffffff;  \"><div class=\"ult_ecpsub_cont\" style=\" \" >[vc_column_text]CarTracker TachoTEK 8 Driver Edition &#8211; najjeftinija i najjednostavnija verzija za tvrtke s do 8 voza\u010da.<\/p>\n<p>Dizajniran je za najmanje prijevozni\u010dke tvrtke s maksimalno 8 voza\u010da (broj vozila je neograni\u010den). Sadr\u017ei 5 osnovnih kontrolnih popisa. Voza\u010di i vozila ne mogu se podijeliti u centre. Tijekom po\u010detka programa provjeravaju se nadolaze\u0107i planirani datumi, ako postoje, otvara se prozor s obavijestima. Podaci se pohranjuju samo u jednoj mapi, sigurnosnu kopiju treba izvr\u0161iti ru\u010dno. Radi sa svim podatkovnim tipkama: VDO Downloadkey, Tachodrive, Tachosys digiVU, DigiDown Lise dizajn. !! Mo\u017ee se koristiti i za veliku tvrtku koja ima udaljene centre. Preuzeti podaci \u0161alju se u centar gdje je instaliran CarTracker TachoTEK Comapny Edition. !!<\/p>\n<p>&nbsp;<\/p>\n<p><span style=\"font-size: 14pt;\"><strong>Ima ograni\u010denje do 8 voza\u010da.<\/strong><\/span><\/p>\n<div>\n<p><span style=\"font-size: 12pt;\"><strong>Spremno za 2.Generacija tahografa. Licenca je neograni\u010dena, ne pla\u0107ajte godi\u0161nje naknade.<\/strong><\/span><\/p>\n<p><strong>Sadr\u017ei izvje\u0161\u0107a o ispisu:<\/strong><\/p>\n<p>Potvrde aktivnosti, No\u0107ni rad, Vikend rad, Kr\u0161enja pravila, Vo\u017enja bez voza\u010dke kartice, Tahografski doga\u0111aji i kvarovi.<\/p>\n<p><strong>Cijene, mogu\u0107nosti dostave mogu se dobiti od lokalnog distributera <a href=\"https:\/\/www.comtrans.si\">ComTrans d.o.o.<\/a><\/strong><\/p>\n<\/div>\n<p>[\/vc_column_text]<\/div><\/div>\n\n\t\t\t<\/div>[\/vc_column][\/vc_row]<\/p>\n<\/div>","protected":false},"excerpt":{"rendered":"<p>[vc_row][vc_column width=&#8221;2\/3&#8243;][vc_column_text]Program CarTracker TachoTEK lokalno je softversko rje\u0161enje za upravljanje podacima s voza\u010dkih kartica i digitalnog tahografa. Zbog svojih performansi i jednostavnosti upotrebe ovaj je program jedinstveno rje\u0161enje za voza\u010de i prijevozni\u010dke tvrtke. Najnovija verzija nasljednik je prethodne uspje\u0161ne serije programa TDCS spol. s ro, koja je zapo\u010dela softver Tachograph Driver Card &#8211; verzija 1.4,&hellip;<\/p>\n","protected":false},"author":1,"featured_media":0,"parent":10,"menu_order":11,"comment_status":"closed","ping_status":"closed","template":"","meta":{"footnotes":""},"class_list":["post-27","page","type-page","status-publish","hentry","description-off"],"aioseo_notices":[],"_links":{"self":[{"href":"https:\/\/www.cartracker.sk\/hr\/wp-json\/wp\/v2\/pages\/27","targetHints":{"allow":["GET"]}}],"collection":[{"href":"https:\/\/www.cartracker.sk\/hr\/wp-json\/wp\/v2\/pages"}],"about":[{"href":"https:\/\/www.cartracker.sk\/hr\/wp-json\/wp\/v2\/types\/page"}],"author":[{"embeddable":true,"href":"https:\/\/www.cartracker.sk\/hr\/wp-json\/wp\/v2\/users\/1"}],"replies":[{"embeddable":true,"href":"https:\/\/www.cartracker.sk\/hr\/wp-json\/wp\/v2\/comments?post=27"}],"version-history":[{"count":86,"href":"https:\/\/www.cartracker.sk\/hr\/wp-json\/wp\/v2\/pages\/27\/revisions"}],"predecessor-version":[{"id":1799,"href":"https:\/\/www.cartracker.sk\/hr\/wp-json\/wp\/v2\/pages\/27\/revisions\/1799"}],"up":[{"embeddable":true,"href":"https:\/\/www.cartracker.sk\/hr\/wp-json\/wp\/v2\/pages\/10"}],"wp:attachment":[{"href":"https:\/\/www.cartracker.sk\/hr\/wp-json\/wp\/v2\/media?parent=27"}],"curies":[{"name":"wp","href":"https:\/\/api.w.org\/{rel}","templated":true}]}}