{"id":23,"date":"2020-07-13T12:58:52","date_gmt":"2020-07-13T10:58:52","guid":{"rendered":"https:\/\/www.cartracker.sk\/?page_id=23"},"modified":"2025-01-02T19:00:32","modified_gmt":"2025-01-02T18:00:32","slug":"citacky-kariet","status":"publish","type":"page","link":"https:\/\/www.cartracker.sk\/hr\/produkty\/citacky-kariet\/","title":{"rendered":"\u010c\u00edta\u010di kartica"},"content":{"rendered":"<div class=\"wpb-content-wrapper\"><p>[vc_row][vc_column]<div class=\"smile_icon_list_wrap ult_info_list_container ult-adjust-bottom-margin  \"><ul class=\"smile_icon_list left square with_bg\"><li class=\"icon_list_item\" style=\" font-size:240px;\"><div class=\"icon_list_icon\" data-animation=\"\" data-animation-delay=\"03\" style=\"font-size:80px;border-width:1px;border-style:none;background:#ffffff;color:#333333;border-color:#333333;\"><img decoding=\"async\" class=\"list-img-icon\" alt=\"null\" src=\"https:\/\/www.cartracker.sk\/wp-content\/uploads\/2022\/11\/Nedis-CRDRU2SM1BK_2.jpg\"\/><\/div><div class=\"icon_description\" id=\"Info-list-wrap-1488\" style=\"font-size:80px;\"><h3 class=\"ult-responsive info-list-heading\"  data-ultimate-target='#Info-list-wrap-1488 h3'  data-responsive-json-new='{\"font-size\":\"desktop:20px;\",\"line-height\":\"desktop:24px;\"}'  style=\"\">NEDIS SMART CARD READER<\/h3><div class=\"icon_description_text ult-responsive\"  data-ultimate-target='#Info-list-wrap-1488 .icon_description_text'  data-responsive-json-new='{\"font-size\":\"desktop:15px;\",\"line-height\":\"desktop:18px;\"}'  style=\"\"><p><strong>Za informacije o cijenama i mogu\u0107nostima dostave obratite se svom dobavlja\u010du: <a href=\"https:\/\/www.comtrans.si\">Comtrans d.o.o.<\/a><\/strong><\/p>\n<p>&nbsp;<\/p>\n<p style=\"text-align: justify;\">NEDIS CRDRU2SM je kompaktni USB CCID \u010dita\u010d. Radi sa svim ISO7816 \u010dip karticama u ID1 formatu. Ku\u0107i\u0161te je idealne veli\u010dine za aplikacije s ograni\u010denim prostorom. Pogodan je ne samo za \u010dip kartice voza\u010da, ve\u0107 i za \u010dip kartice ili za autorizaciju pristupa internet bankarstvu. Windows ima unaprijed instaliran upravlja\u010dki program za ovaj \u010dita\u010d.<\/p>\n<\/div><\/div><div class=\"icon_list_connector\"  style=\"border-right-width: 1px;border-right-style: dashed;border-color: #333333;\"><\/div><\/li><\/ul><\/div>[\/vc_column][\/vc_row]<\/p>\n<\/div>","protected":false},"excerpt":{"rendered":"<p>[vc_row][vc_column][\/vc_column][\/vc_row]<\/p>\n","protected":false},"author":1,"featured_media":0,"parent":10,"menu_order":12,"comment_status":"closed","ping_status":"closed","template":"","meta":{"footnotes":""},"class_list":["post-23","page","type-page","status-publish","hentry","description-off"],"aioseo_notices":[],"_links":{"self":[{"href":"https:\/\/www.cartracker.sk\/hr\/wp-json\/wp\/v2\/pages\/23","targetHints":{"allow":["GET"]}}],"collection":[{"href":"https:\/\/www.cartracker.sk\/hr\/wp-json\/wp\/v2\/pages"}],"about":[{"href":"https:\/\/www.cartracker.sk\/hr\/wp-json\/wp\/v2\/types\/page"}],"author":[{"embeddable":true,"href":"https:\/\/www.cartracker.sk\/hr\/wp-json\/wp\/v2\/users\/1"}],"replies":[{"embeddable":true,"href":"https:\/\/www.cartracker.sk\/hr\/wp-json\/wp\/v2\/comments?post=23"}],"version-history":[{"count":25,"href":"https:\/\/www.cartracker.sk\/hr\/wp-json\/wp\/v2\/pages\/23\/revisions"}],"predecessor-version":[{"id":1692,"href":"https:\/\/www.cartracker.sk\/hr\/wp-json\/wp\/v2\/pages\/23\/revisions\/1692"}],"up":[{"embeddable":true,"href":"https:\/\/www.cartracker.sk\/hr\/wp-json\/wp\/v2\/pages\/10"}],"wp:attachment":[{"href":"https:\/\/www.cartracker.sk\/hr\/wp-json\/wp\/v2\/media?parent=23"}],"curies":[{"name":"wp","href":"https:\/\/api.w.org\/{rel}","templated":true}]}}