{"id":21,"date":"2020-07-13T12:58:37","date_gmt":"2020-07-13T10:58:37","guid":{"rendered":"https:\/\/www.cartracker.sk\/?page_id=21"},"modified":"2024-09-30T11:22:40","modified_gmt":"2024-09-30T09:22:40","slug":"citacie-zariadenia","status":"publish","type":"page","link":"https:\/\/www.cartracker.sk\/hr\/produkty\/citacie-zariadenia\/","title":{"rendered":"\u010cita\u010di"},"content":{"rendered":"<div class=\"wpb-content-wrapper\"><p>[vc_row][vc_column]<div class=\"smile_icon_list_wrap ult_info_list_container ult-adjust-bottom-margin  \"><ul class=\"smile_icon_list left square with_bg\"><li class=\"icon_list_item\" style=\" font-size:240px;\"><div class=\"icon_list_icon\" data-animation=\"\" data-animation-delay=\"03\" style=\"font-size:80px;border-width:1px;border-style:none;background:#ffffff;color:#333333;border-color:#333333;\"><img decoding=\"async\" class=\"list-img-icon\" alt=\"null\" src=\"https:\/\/www.cartracker.sk\/wp-content\/uploads\/2024\/09\/DigiPostPro.jpg\"\/><\/div><div class=\"icon_description\" id=\"Info-list-wrap-7392\" style=\"font-size:80px;\"><h3 class=\"ult-responsive info-list-heading\"  data-ultimate-target='#Info-list-wrap-7392 h3'  data-responsive-json-new='{\"font-size\":\"desktop:20px;\",\"line-height\":\"desktop:24px;\"}'  style=\"\">Terminal digiPostPro<\/h3><div class=\"icon_description_text ult-responsive\"  data-ultimate-target='#Info-list-wrap-7392 .icon_description_text'  data-responsive-json-new='{\"font-size\":\"desktop:15px;\",\"line-height\":\"desktop:18px;\"}'  style=\"\"><p><strong>Za informacije o cijenama i mogu\u0107nostima dostave obratite se svom dobavlja\u010du: Comtrans d.o.o.<\/strong><\/p>\n<p><a href=\"https:\/\/www.comtrans.si\">https:\/\/www.comtrans.si<\/a><\/p>\n<p>Terminalni ure\u0111aj DigiPostPro slu\u017ei ne samo za preuzimanje podataka s voza\u010dke kartice i podataka o memoriji, ve\u0107 i za neposrednu procjenu datuma kartice voza\u010da za posljednjih 28 dana koji se pojavljuju na LCD-u.<\/p>\n<\/div><\/div><div class=\"icon_list_connector\"  style=\"border-right-width: 1px;border-right-style: dashed;border-color: #333333;\"><\/div><\/li><\/ul><\/div>[\/vc_column][\/vc_row]<\/p>\n<\/div>","protected":false},"excerpt":{"rendered":"<p>[vc_row][vc_column][\/vc_column][\/vc_row]<\/p>\n","protected":false},"author":1,"featured_media":0,"parent":10,"menu_order":13,"comment_status":"closed","ping_status":"closed","template":"","meta":{"footnotes":""},"class_list":["post-21","page","type-page","status-publish","hentry","description-off"],"aioseo_notices":[],"_links":{"self":[{"href":"https:\/\/www.cartracker.sk\/hr\/wp-json\/wp\/v2\/pages\/21","targetHints":{"allow":["GET"]}}],"collection":[{"href":"https:\/\/www.cartracker.sk\/hr\/wp-json\/wp\/v2\/pages"}],"about":[{"href":"https:\/\/www.cartracker.sk\/hr\/wp-json\/wp\/v2\/types\/page"}],"author":[{"embeddable":true,"href":"https:\/\/www.cartracker.sk\/hr\/wp-json\/wp\/v2\/users\/1"}],"replies":[{"embeddable":true,"href":"https:\/\/www.cartracker.sk\/hr\/wp-json\/wp\/v2\/comments?post=21"}],"version-history":[{"count":46,"href":"https:\/\/www.cartracker.sk\/hr\/wp-json\/wp\/v2\/pages\/21\/revisions"}],"predecessor-version":[{"id":1663,"href":"https:\/\/www.cartracker.sk\/hr\/wp-json\/wp\/v2\/pages\/21\/revisions\/1663"}],"up":[{"embeddable":true,"href":"https:\/\/www.cartracker.sk\/hr\/wp-json\/wp\/v2\/pages\/10"}],"wp:attachment":[{"href":"https:\/\/www.cartracker.sk\/hr\/wp-json\/wp\/v2\/media?parent=21"}],"curies":[{"name":"wp","href":"https:\/\/api.w.org\/{rel}","templated":true}]}}