{"id":130,"date":"2025-10-01T16:50:34","date_gmt":"2025-10-01T14:50:34","guid":{"rendered":"https:\/\/www.cartracker.sk\/?page_id=130"},"modified":"2026-02-02T15:23:55","modified_gmt":"2026-02-02T14:23:55","slug":"programy","status":"publish","type":"page","link":"https:\/\/www.cartracker.sk\/hr\/programy\/","title":{"rendered":"Prijave"},"content":{"rendered":"<div class=\"wpb-content-wrapper\"><p>[vc_row css=&#8221;.vc_custom_1594892484532{border-bottom-width: 1px !important;border-bottom-color: #d8d8d8 !important;border-bottom-style: solid !important;}&#8221;][vc_column width=&#8221;1\/2&#8243;][vc_single_image image=&#8221;192&#8243; img_size=&#8221;full&#8221; alignment=&#8221;center&#8221; onclick=&#8221;link_image&#8221;][\/vc_column][vc_column width=&#8221;1\/2&#8243;][vc_column_text css=&#8221;&#8221;]<\/p>\n<h2><span style=\"font-size: 12pt;\"><strong>Novo stabilno izdanje CarTracker TachoTEK Gen.2-2 (Smarft 2)<\/strong><\/span><\/h2>\n<h2><span style=\"font-size: 12pt;\"><strong>(Izdanje 2.2.0.320 vrijedi od 2.2.2026)<\/strong><\/span><\/h2>\n<p>Korisnici s instaliranim programom mogu preuzeti ovu ina\u010dicu izravno u programu; Glavni izbornik -&gt; Kontrola a\u017euriranja.<\/p>\n<p>ili s ovog linka <a href=\"https:\/\/www.cartracker.sk\/userfiles\/download\/CarTracker_Digital_V220320.zip\">ZIP datoteke<\/a> ili s ovog <a href=\"https:\/\/www.cartracker.sk\/userfiles\/download\/CarTrackerSetup.exe\">CarTrackerSetup.exe<\/a><\/p>\n<p><span style=\"color: #ff0000;\">! Sva starija izdanja i verzije CarTrackera mogu se a\u017eurirati na ovu verziju 2.2.xxx.<\/span><\/p>\n<p><span style=\"color: #ff0000;\">! Me\u0111utim, a\u017euriranje ne aktivira automatski modul za Gen.2-2, aktivacija se napla\u0107uje.<\/span>[\/vc_column_text][\/vc_column][\/vc_row][vc_row css=&#8221;.vc_custom_1594892484532{border-bottom-width: 1px !important;border-bottom-color: #d8d8d8 !important;border-bottom-style: solid !important;}&#8221;][vc_column width=&#8221;1\/2&#8243;][vc_single_image image=&#8221;192&#8243; img_size=&#8221;full&#8221; alignment=&#8221;center&#8221; onclick=&#8221;link_image&#8221;][\/vc_column][vc_column width=&#8221;1\/2&#8243;][vc_column_text]<\/p>\n<h2><span style=\"font-size: 12pt;\"><strong>Prethodne izdanja CarTracker<\/strong><\/span><\/h2>\n<h2><span style=\"font-size: 12pt;\"><strong><span style=\"font-size: 10pt;\">(Verzija 1.2.xxx prodana od 2014. do 2021., a verzija 1.3.xx od 1.3.2021. do 30.8.2023.)<\/span>\u00a0<\/strong><\/span><\/h2>\n<p>!! Sve ove verzije mogu se ponovno instalirati s novom verzijom 2.2.xxx &#8211; ovdje vrijedi napomena o aktiviranju modula Gen.2-2[\/vc_column_text][\/vc_column][\/vc_row]<\/p>\n<\/div>","protected":false},"excerpt":{"rendered":"<p>[vc_row css=&#8221;.vc_custom_1594892484532{border-bottom-width: 1px !important;border-bottom-color: #d8d8d8 !important;border-bottom-style: solid !important;}&#8221;][vc_column width=&#8221;1\/2&#8243;][vc_single_image image=&#8221;192&#8243; img_size=&#8221;full&#8221; alignment=&#8221;center&#8221; onclick=&#8221;link_image&#8221;][\/vc_column][vc_column width=&#8221;1\/2&#8243;][vc_column_text css=&#8221;&#8221;] Novo stabilno izdanje CarTracker TachoTEK Gen.2-2 (Smarft 2) (Izdanje 2.2.0.320 vrijedi od 2.2.2026) Korisnici s instaliranim programom mogu preuzeti ovu ina\u010dicu izravno u programu; Glavni izbornik -&gt; Kontrola a\u017euriranja. ili s ovog linka ZIP datoteke ili s ovog CarTrackerSetup.exe !&hellip;<\/p>\n","protected":false},"author":1,"featured_media":0,"parent":0,"menu_order":0,"comment_status":"closed","ping_status":"closed","template":"","meta":{"footnotes":""},"class_list":["post-130","page","type-page","status-publish","hentry","description-off"],"aioseo_notices":[],"_links":{"self":[{"href":"https:\/\/www.cartracker.sk\/hr\/wp-json\/wp\/v2\/pages\/130","targetHints":{"allow":["GET"]}}],"collection":[{"href":"https:\/\/www.cartracker.sk\/hr\/wp-json\/wp\/v2\/pages"}],"about":[{"href":"https:\/\/www.cartracker.sk\/hr\/wp-json\/wp\/v2\/types\/page"}],"author":[{"embeddable":true,"href":"https:\/\/www.cartracker.sk\/hr\/wp-json\/wp\/v2\/users\/1"}],"replies":[{"embeddable":true,"href":"https:\/\/www.cartracker.sk\/hr\/wp-json\/wp\/v2\/comments?post=130"}],"version-history":[{"count":114,"href":"https:\/\/www.cartracker.sk\/hr\/wp-json\/wp\/v2\/pages\/130\/revisions"}],"predecessor-version":[{"id":1919,"href":"https:\/\/www.cartracker.sk\/hr\/wp-json\/wp\/v2\/pages\/130\/revisions\/1919"}],"wp:attachment":[{"href":"https:\/\/www.cartracker.sk\/hr\/wp-json\/wp\/v2\/media?parent=130"}],"curies":[{"name":"wp","href":"https:\/\/api.w.org\/{rel}","templated":true}]}}