{"id":12,"date":"2020-07-13T11:54:37","date_gmt":"2020-07-13T09:54:37","guid":{"rendered":"https:\/\/www.cartracker.sk\/?page_id=12"},"modified":"2026-04-24T20:29:24","modified_gmt":"2026-04-24T18:29:24","slug":"predajne-miesta","status":"publish","type":"page","link":"https:\/\/www.cartracker.sk\/hr\/predajne-miesta\/","title":{"rendered":"Prodajna mjesta"},"content":{"rendered":"<div class=\"wpb-content-wrapper\"><p>[vc_row][vc_column][vc_tta_tabs active_section=&#8221;1&#8243;][vc_tta_section title=&#8221;Slovenija, Hrvatska i Srbija&#8221; tab_id=&#8221;Slovenia&#8221;][vc_empty_space][vc_column_text]<\/p>\n<div class=\"tile\"><strong>ComTrans d.o.o.<\/strong><br \/>\nPlanina 3<br \/>\n4000 KRANJ<br \/>\n<a href=\"http:\/\/www.comtrans.si\/\" target=\"_blank\" rel=\"noopener noreferrer\">www.comtrans.si<\/a><\/div>\n<h2><\/h2>\n<p>[\/vc_column_text][\/vc_tta_section][vc_tta_section title=&#8221;\u010ce\u0161ka Republika&#8221; tab_id=&#8221;Czechrepublic&#8221;][vc_empty_space][vc_row_inner][vc_column_inner width=&#8221;1\/2&#8243;][vc_column_text]<strong>ProfiTruck-shop autop\u0159\u00edslu\u0161enstv\u00ed, s.r.o.<\/strong><br \/>\n\u0158ez\u00e1\u010dov\u00e1 767\/50<br \/>\n639 00 BRNO<br \/>\n<a href=\"http:\/\/www.profitruck-shop.cz\/\" target=\"_blank\" rel=\"noopener noreferrer\">www.profitruck-shop.cz<\/a>[\/vc_column_text][\/vc_column_inner][vc_column_inner width=&#8221;1\/2&#8243;][vc_column_text]<\/p>\n<div class=\"tile\">\n<p><span style=\"font-size: 12pt;\"><strong>Tehni\u010dka podr\u0161ka i savjeti:<\/strong><\/span><\/p>\n<\/div>\n<div class=\"tile\"><strong>EXPOZITURA s.r.o.<\/strong><br \/>\nVeleslav\u00ednova 14<br \/>\n400 11 \u00dast\u00ed nad Labem<br \/>\n<a href=\"mailto:karel@expozitura.com\" target=\"_blank\" rel=\"noopener noreferrer\">karel@expozitura.com<\/a><\/div>\n<div><a href=\"http:\/\/www.car-tracker.cz\/\" target=\"_blank\" rel=\"noopener noreferrer\">www.car-tracker.cz<\/a><\/div>\n<h2><\/h2>\n<p>[\/vc_column_text][\/vc_column_inner][\/vc_row_inner][\/vc_tta_section][vc_tta_section title=&#8221;Bulgarska&#8221; tab_id=&#8221;Bulgaria&#8221;][vc_empty_space][vc_row_inner][vc_column_inner width=&#8221;1\/4&#8243;][vc_column_text]<\/p>\n<div class=\"tile\"><strong>Auto Profi-N ltd<\/strong><br \/>\n102, Bulgaria Blvd.<br \/>\nSofia<br \/>\n<a href=\"http:\/\/www.auto-profi.com\/\" target=\"_blank\" rel=\"noopener noreferrer\">www.auto-profi.com<\/a><\/div>\n<h2><\/h2>\n<p>[\/vc_column_text][\/vc_column_inner][vc_column_inner width=&#8221;1\/4&#8243;][vc_column_text]<\/p>\n<div class=\"tile\"><strong>Tachos LTD.<\/strong><br \/>\n30 Rachka Str.<br \/>\nSofia<br \/>\n<a href=\"http:\/\/www.tachos.bg\/\" target=\"_blank\" rel=\"noopener noreferrer\">www.tachos.bg<\/a><\/div>\n<h2><\/h2>\n<p>[\/vc_column_text][\/vc_column_inner][vc_column_inner width=&#8221;1\/4&#8243;][vc_column_text]<\/p>\n<div class=\"tile\"><strong>Kleri LTD.<\/strong><br \/>\nzhk.Nadezhda bild.270<br \/>\nSofia<br \/>\n<a href=\"http:\/\/www.tachoservicebg.com\/\" target=\"_blank\" rel=\"noopener noreferrer\">www.tachoservicebg.com<\/a><\/div>\n<h2><\/h2>\n<p>[\/vc_column_text][\/vc_column_inner][vc_column_inner width=&#8221;1\/4&#8243;][vc_column_text]<\/p>\n<div class=\"tile\"><strong>Transinvest Group Ltd<\/strong><br \/>\nSrebarna 21A<br \/>\nSofia<br \/>\n<a href=\"mailto:transinvestgroup@abv.bg\" target=\"_blank\" rel=\"noopener noreferrer\">transinvestgroup@abv.bg<\/a><\/div>\n<h2><\/h2>\n<p>[\/vc_column_text][\/vc_column_inner][\/vc_row_inner][\/vc_tta_section][vc_tta_section title=&#8221;Turska&#8221; tab_id=&#8221;Turkey&#8221;][vc_empty_space][vc_column_text]<\/p>\n<div class=\"tile\">\n<p><strong>EDM Egitim Dani\u015fmanlik M\u00fchendislik<br \/>\nBilal Ye\u015fil<\/strong><br \/>\nCumhuriyet Mah. Onur Sokak No:6. D:1<br \/>\nBeylikd\u00fcz\u00fc Istanbul<br \/>\n+90 542 533 28 93<br \/>\n<a href=\"bilalye@isnet.net.tr\">bilalye@isnet.net.tr<\/a><\/p>\n<\/div>\n<p>[\/vc_column_text][\/vc_tta_section][vc_tta_section title=&#8221;Slova\u010dka&#8221; tab_id=&#8221;Slovakia&#8221;][vc_empty_space][vc_row_inner][vc_column_inner width=&#8221;1\/4&#8243;][vc_column_text]<\/p>\n<div class=\"tile\"><strong>Mototach s.r.o.<\/strong><br \/>\nMyslenick\u00e1 3001\/1 are\u00e1l STK Strnisko<br \/>\n902 01 Pezinok<br \/>\ntel:+421 949 132 427<\/div>\n<div><a href=\"http:\/\/mototach.sk\" target=\"_blank\" rel=\"noopener noreferrer\">www.mototach.sk<\/a><\/div>\n<p>[\/vc_column_text][\/vc_column_inner][vc_column_inner width=&#8221;1\/4&#8243;][vc_column_text]<\/p>\n<div class=\"tile\"><strong>Servis tachografov s.r.o.<\/strong><br \/>\nKoll\u00e1rova 73<br \/>\n036 01 Martin<br \/>\ntel:043 422 2103<br \/>\n<a href=\"http:\/\/www.servistachografov.sk\/\" target=\"_blank\" rel=\"noopener noreferrer\">www.servistachografov.sk<\/a><\/div>\n<h2><\/h2>\n<p>[\/vc_column_text][\/vc_column_inner][vc_column_inner width=&#8221;1\/4&#8243;][vc_column_text]<\/p>\n<div class=\"tile\"><strong>TACHO s.r.o.<\/strong><br \/>\n\u0160t\u00farova 97<br \/>\n952 01 Vr\u00e1ble<br \/>\ntel: 0905 350 213<br \/>\n<a href=\"http:\/\/www.tacho-tn.sk\/\" target=\"_blank\" rel=\"noopener noreferrer\">www.tacho-tn.sk<\/a><\/div>\n<h2><\/h2>\n<p>[\/vc_column_text][\/vc_column_inner][vc_column_inner width=&#8221;1\/4&#8243;][vc_column_text]<\/p>\n<div class=\"tile\"><strong>TACHO s.r.o.<\/strong><br \/>\nZlatovsk\u00e1 cesta 29<br \/>\n911 37 Tren\u010d\u00edn<br \/>\ntel: 037 783 2915<br \/>\n<a href=\"http:\/\/www.tacho-tn.sk\/\" target=\"_blank\" rel=\"noopener noreferrer\">www.tacho-tn.sk<\/a><\/div>\n<h2><\/h2>\n<p>[\/vc_column_text][\/vc_column_inner][\/vc_row_inner][vc_row_inner][vc_column_inner width=&#8221;1\/4&#8243;][vc_column_text]<\/p>\n<div class=\"tile\"><strong>Tachoservis s.r.o.<\/strong><br \/>\nNitrianska 5<br \/>\n917 01 Trnava<br \/>\n<a href=\"http:\/\/www.tachoservistrnava.sk\/\" target=\"_blank\" rel=\"noopener noreferrer\">www.tachoservistrnava.sk<\/a><\/div>\n<h2><\/h2>\n<p>[\/vc_column_text][\/vc_column_inner][vc_column_inner width=&#8221;1\/4&#8243;][vc_column_text]<\/p>\n<div class=\"tile\"><strong>Overtach s.r.o.<\/strong><br \/>\nSere\u010fsk\u00e1 247\/4012 (are\u00e1l Empark)<br \/>\n917 01 Trnava<br \/>\n<a href=\"http:\/\/www.overtach.sk\/\" target=\"_blank\" rel=\"noopener noreferrer\">www.overtach.sk<\/a><\/div>\n<h2><\/h2>\n<p>[\/vc_column_text][\/vc_column_inner][vc_column_inner width=&#8221;1\/4&#8243;][vc_column_text]<\/p>\n<div class=\"tile\"><strong>SK Jemn\u00e1 mechanika<\/strong><br \/>\n\u0160t\u00farova 72<br \/>\n949 01 Nitra<br \/>\ntel: 037 772 9851<br \/>\n<a href=\"http:\/\/www.jemnamechanika.sk\/\" target=\"_blank\" rel=\"noopener noreferrer\">www.jemnamechanika.sk<\/a><\/div>\n<h2><\/h2>\n<p>[\/vc_column_text][\/vc_column_inner][vc_column_inner width=&#8221;1\/4&#8243;][\/vc_column_inner][\/vc_row_inner][\/vc_tta_section][vc_tta_section title=&#8221;Njema\u010dka&#8221; tab_id=&#8221;1629126977996-09c4ca35-0a9f&#8221;][vc_empty_space][vc_column_text]<\/p>\n<div class=\"tile\">\n<div>\n<div class=\"tile\"><strong>Jumbo-Fischer GmbH &amp; Co. KG<br \/>\n<\/strong><\/div>\n<div><\/div>\n<div>Werner-von-Siemens-Str. 4-6<\/div>\n<div>21629 Neu Wulmstorf<\/div>\n<div>+49-40-7001170-0<\/div>\n<div><a href=\"http:\/\/www.jumbo-tech.de\" target=\"_blank\" rel=\"noopener noreferrer\">www.jumbo-tech.de<\/a><\/div>\n<div><a href=\"mailto:support@jumbo-tech.de\">support@jumbo-tech.de<\/a><\/div>\n<\/div>\n<\/div>\n<h2><\/h2>\n<p>[\/vc_column_text][\/vc_tta_section][vc_tta_section title=&#8221;Velika Britanija&#8221; tab_id=&#8221;1629127069188-b139d0fe-c1d2&#8243;][vc_empty_space][vc_column_text]<\/p>\n<div class=\"tile\">\n<div class=\"tile\">\n<div class=\"tile\"><strong>Novadata TAB Ltd<\/strong><br \/>\n3 Blackwell Drive,<br \/>\nSpringwood Industrial Estate,<br \/>\nBraintree,Essex<br \/>\nCM7 2QJ<br \/>\n<a href=\"https:\/\/www.novadata.co.uk\" target=\"_blank\" rel=\"noopener noreferrer\">www.novadata.co.uk<\/a><\/div>\n<div><a href=\"enquiries@novadata.co.uk\">enquiries@novadata.co.uk<\/a><\/div>\n<div>phone: 01376 552999<\/div>\n<\/div>\n<\/div>\n<h2><\/h2>\n<p>[\/vc_column_text][\/vc_tta_section][vc_tta_section title=&#8221;Gr\u010dka i Cipar&#8221; tab_id=&#8221;1742376811199-ab6293fe-40a5&#8243;][vc_empty_space][vc_column_text]<\/p>\n<div class=\"tile\"><strong>GT ENGINEERS<\/strong><\/div>\n<div>Damaskinou 5, 1070, Nicosia<\/div>\n<div>Nicosia 57, 2540 Biom.<\/div>\n<div><a href=\"https:\/\/tjirkallis.com\/\" target=\"_blank\" rel=\"noopener noreferrer\">GT Engineers \u2013 GT Automotive Engineers<\/a><\/div>\n<div><a href=\"mailto:gt@tjirkallis.com\">gt@tjirkallis.com<\/a><\/div>\n<div>(+357) 22750111 \/ 70009066<\/div>\n<p>[\/vc_column_text][\/vc_tta_section][\/vc_tta_tabs][\/vc_column][\/vc_row]<\/p>\n<\/div>","protected":false},"excerpt":{"rendered":"<p>[vc_row][vc_column][vc_tta_tabs active_section=&#8221;1&#8243;][vc_tta_section title=&#8221;Slovenija, Hrvatska i Srbija&#8221; tab_id=&#8221;Slovenia&#8221;][vc_empty_space][vc_column_text] ComTrans d.o.o. Planina 3 4000 KRANJ www.comtrans.si [\/vc_column_text][\/vc_tta_section][vc_tta_section title=&#8221;\u010ce\u0161ka Republika&#8221; tab_id=&#8221;Czechrepublic&#8221;][vc_empty_space][vc_row_inner][vc_column_inner width=&#8221;1\/2&#8243;][vc_column_text]ProfiTruck-shop autop\u0159\u00edslu\u0161enstv\u00ed, s.r.o. \u0158ez\u00e1\u010dov\u00e1 767\/50 639 00 BRNO www.profitruck-shop.cz[\/vc_column_text][\/vc_column_inner][vc_column_inner width=&#8221;1\/2&#8243;][vc_column_text] Tehni\u010dka podr\u0161ka i savjeti: EXPOZITURA s.r.o. Veleslav\u00ednova 14 400 11 \u00dast\u00ed nad Labem karel@expozitura.com www.car-tracker.cz [\/vc_column_text][\/vc_column_inner][\/vc_row_inner][\/vc_tta_section][vc_tta_section title=&#8221;Bulgarska&#8221; tab_id=&#8221;Bulgaria&#8221;][vc_empty_space][vc_row_inner][vc_column_inner width=&#8221;1\/4&#8243;][vc_column_text] Auto Profi-N ltd 102, Bulgaria Blvd. Sofia www.auto-profi.com&hellip;<\/p>\n","protected":false},"author":1,"featured_media":0,"parent":0,"menu_order":18,"comment_status":"closed","ping_status":"closed","template":"","meta":{"footnotes":""},"class_list":["post-12","page","type-page","status-publish","hentry","description-off"],"aioseo_notices":[],"_links":{"self":[{"href":"https:\/\/www.cartracker.sk\/hr\/wp-json\/wp\/v2\/pages\/12","targetHints":{"allow":["GET"]}}],"collection":[{"href":"https:\/\/www.cartracker.sk\/hr\/wp-json\/wp\/v2\/pages"}],"about":[{"href":"https:\/\/www.cartracker.sk\/hr\/wp-json\/wp\/v2\/types\/page"}],"author":[{"embeddable":true,"href":"https:\/\/www.cartracker.sk\/hr\/wp-json\/wp\/v2\/users\/1"}],"replies":[{"embeddable":true,"href":"https:\/\/www.cartracker.sk\/hr\/wp-json\/wp\/v2\/comments?post=12"}],"version-history":[{"count":44,"href":"https:\/\/www.cartracker.sk\/hr\/wp-json\/wp\/v2\/pages\/12\/revisions"}],"predecessor-version":[{"id":1967,"href":"https:\/\/www.cartracker.sk\/hr\/wp-json\/wp\/v2\/pages\/12\/revisions\/1967"}],"wp:attachment":[{"href":"https:\/\/www.cartracker.sk\/hr\/wp-json\/wp\/v2\/media?parent=12"}],"curies":[{"name":"wp","href":"https:\/\/api.w.org\/{rel}","templated":true}]}}