{"id":10,"date":"2022-08-10T11:54:09","date_gmt":"2022-08-10T09:54:09","guid":{"rendered":"https:\/\/www.cartracker.sk\/?page_id=10"},"modified":"2025-01-06T11:41:46","modified_gmt":"2025-01-06T10:41:46","slug":"produkty","status":"publish","type":"page","link":"https:\/\/www.cartracker.sk\/hr\/produkty\/","title":{"rendered":"Proizvodi"},"content":{"rendered":"<div class=\"wpb-content-wrapper\"><p>[vc_row][vc_column width=&#8221;1\/3&#8243;]<div class=\"aio-icon-component    style_3\"><a class=\"aio-icon-box-link\" href=\"https:\/\/www.cartracker.sk\/produkty\/citacie-zariadenia\/\" title=\"\u010c\u00edtacie zariadenia\" ><div id=\"Info-box-wrap-7048\" class=\"aio-icon-box square_box-icon\" style=\"border-color:#222c35;border-style:solid;border-width:1px;\"  ><div class=\"aio-icon-square_box\"><div class=\"ult-just-icon-wrapper  \"><div class=\"align-icon\" style=\"text-align:center;\">\n<div class=\"aio-icon-img \" style=\"font-size:100px;display:inline-block;\" >\n\t<img decoding=\"async\" class=\"img-icon\" alt=\"null\" src=\"https:\/\/www.cartracker.sk\/wp-content\/uploads\/2024\/09\/DigiPostPro.jpg\"\/>\n<\/div><\/div><\/div><\/div><div class=\"aio-icon-header\" ><h3 class=\"aio-icon-title ult-responsive\"  data-ultimate-target='#Info-box-wrap-7048 .aio-icon-title'  data-responsive-json-new='{\"font-size\":\"\",\"line-height\":\"\"}'  style=\"\">Terminal<\/h3><\/div> <!-- header --><\/div> <!-- aio-icon-box --><\/a><\/div> <!-- aio-icon-component -->[\/vc_column][vc_column width=&#8221;1\/3&#8243;]<div class=\"aio-icon-component    style_3\"><a class=\"aio-icon-box-link\" href=\"https:\/\/www.cartracker.sk\/en\/produkty\/citacky-kariet\/\" title=\"\u010c\u00edta\u010dky kariet\" ><div id=\"Info-box-wrap-2246\" class=\"aio-icon-box square_box-icon\" style=\"border-color:#222c35;border-style:solid;border-width:1px;\"  ><div class=\"aio-icon-square_box\"><div class=\"ult-just-icon-wrapper  \"><div class=\"align-icon\" style=\"text-align:center;\">\n<div class=\"aio-icon-img \" style=\"font-size:140px;display:inline-block;\" >\n\t<img decoding=\"async\" class=\"img-icon\" alt=\"null\" src=\"https:\/\/www.cartracker.sk\/wp-content\/uploads\/2020\/07\/categorythumb_akasa_small_1489932605.png\"\/>\n<\/div><\/div><\/div><\/div><div class=\"aio-icon-header\" ><h3 class=\"aio-icon-title ult-responsive\"  data-ultimate-target='#Info-box-wrap-2246 .aio-icon-title'  data-responsive-json-new='{\"font-size\":\"\",\"line-height\":\"\"}'  style=\"\">\u010cita\u010di kartica<\/h3><\/div> <!-- header --><\/div> <!-- aio-icon-box --><\/a><\/div> <!-- aio-icon-component -->[\/vc_column][vc_column width=&#8221;1\/3&#8243;]<div class=\"aio-icon-component    style_3\"><a class=\"aio-icon-box-link\" href=\"https:\/\/www.cartracker.sk\/produkty\/datove-kluce\/\" title=\"D\u00e1tov\u00e9 k\u013e\u00fa\u010de\" ><div id=\"Info-box-wrap-5789\" class=\"aio-icon-box square_box-icon\" style=\"border-color:#222c35;border-style:solid;border-width:1px;\"  ><div class=\"aio-icon-square_box\"><div class=\"ult-just-icon-wrapper  \"><div class=\"align-icon\" style=\"text-align:center;\">\n<div class=\"aio-icon-img \" style=\"font-size:215px;display:inline-block;\" >\n\t<img decoding=\"async\" class=\"img-icon\" alt=\"null\" src=\"https:\/\/www.cartracker.sk\/wp-content\/uploads\/2020\/07\/categorythumb_Kluce_1549390723_1551693196.gif\"\/>\n<\/div><\/div><\/div><\/div><div class=\"aio-icon-header\" ><h3 class=\"aio-icon-title ult-responsive\"  data-ultimate-target='#Info-box-wrap-5789 .aio-icon-title'  data-responsive-json-new='{\"font-size\":\"\",\"line-height\":\"\"}'  style=\"\">Klju\u010d za preuzimanje podataka<\/h3><\/div> <!-- header --><\/div> <!-- aio-icon-box --><\/a><\/div> <!-- aio-icon-component -->[\/vc_column][\/vc_row][vc_row][vc_column width=&#8221;1\/3&#8243;]<div class=\"aio-icon-component    style_3\"><a class=\"aio-icon-box-link\" href=\"https:\/\/www.cartracker.sk\/produkty\/softver\/\" title=\"Softv\u00e9r\" ><div id=\"Info-box-wrap-4025\" class=\"aio-icon-box square_box-icon\" style=\"border-color:#222c35;border-style:solid;border-width:1px;\"  ><div class=\"aio-icon-square_box\"><div class=\"ult-just-icon-wrapper  \"><div class=\"align-icon\" style=\"text-align:center;\">\n<div class=\"aio-icon-img \" style=\"font-size:215px;display:inline-block;\" >\n\t<img decoding=\"async\" class=\"img-icon\" alt=\"null\" src=\"https:\/\/www.cartracker.sk\/wp-content\/uploads\/2020\/07\/categorythumb_sw_1489932654.png\"\/>\n<\/div><\/div><\/div><\/div><div class=\"aio-icon-header\" ><h3 class=\"aio-icon-title ult-responsive\"  data-ultimate-target='#Info-box-wrap-4025 .aio-icon-title'  data-responsive-json-new='{\"font-size\":\"\",\"line-height\":\"\"}'  style=\"\">Softver<\/h3><\/div> <!-- header --><\/div> <!-- aio-icon-box --><\/a><\/div> <!-- aio-icon-component -->[\/vc_column][vc_column width=&#8221;1\/3&#8243;]<div class=\"aio-icon-component    style_3\"><a class=\"aio-icon-box-link\" href=\"https:\/\/www.cartracker.sk\/vzdialene-stahovanie\/\" title=\"Vzdialen\u00e9 s\u0165ahovanie\" ><div id=\"Info-box-wrap-3776\" class=\"aio-icon-box square_box-icon\" style=\"border-color:#222c35;border-style:solid;border-width:1px;\"  ><div class=\"aio-icon-square_box\"><div class=\"ult-just-icon-wrapper  \"><div class=\"align-icon\" style=\"text-align:center;\">\n<div class=\"aio-icon-img \" style=\"font-size:215px;display:inline-block;\" >\n\t<img decoding=\"async\" class=\"img-icon\" alt=\"null\" src=\"https:\/\/www.cartracker.sk\/wp-content\/uploads\/2020\/07\/categorythumb_digiDL_1534451934.png\"\/>\n<\/div><\/div><\/div><\/div><div class=\"aio-icon-header\" ><h3 class=\"aio-icon-title ult-responsive\"  data-ultimate-target='#Info-box-wrap-3776 .aio-icon-title'  data-responsive-json-new='{\"font-size\":\"\",\"line-height\":\"\"}'  style=\"\">Daljinsko preuzimanje<\/h3><\/div> <!-- header --><\/div> <!-- aio-icon-box --><\/a><\/div> <!-- aio-icon-component -->[\/vc_column][vc_column width=&#8221;1\/3&#8243;]<div class=\"aio-icon-component    style_3\"><a class=\"aio-icon-box-link\" href=\"https:\/\/www.cartracker.sk\/produkty\/digfob-citacka-kariet-a-vyhodnocovacie-zariadenie\/\" title=\"digFOB \u010d\u00edta\u010dka kariet a vyhodnocovacie zariadenie\" ><div id=\"Info-box-wrap-4025\" class=\"aio-icon-box square_box-icon\" style=\"border-color:#222c35;border-style:solid;border-width:1px;\"  ><div class=\"aio-icon-square_box\"><div class=\"ult-just-icon-wrapper  \"><div class=\"align-icon\" style=\"text-align:center;\">\n<div class=\"aio-icon-img \" style=\"font-size:215px;display:inline-block;\" >\n\t<img decoding=\"async\" class=\"img-icon\" alt=\"null\" src=\"https:\/\/www.cartracker.sk\/wp-content\/uploads\/2020\/07\/categorythumb_digiFob_1592298986.png\"\/>\n<\/div><\/div><\/div><\/div><div class=\"aio-icon-header\" ><h3 class=\"aio-icon-title ult-responsive\"  data-ultimate-target='#Info-box-wrap-4025 .aio-icon-title'  data-responsive-json-new='{\"font-size\":\"\",\"line-height\":\"\"}'  style=\"\">\u010cita\u010d kartica i ure\u0111aj za procjenu<\/h3><\/div> <!-- header --><\/div> <!-- aio-icon-box --><\/a><\/div> <!-- aio-icon-component -->[\/vc_column][\/vc_row]<\/p>\n<\/div>","protected":false},"excerpt":{"rendered":"<p>[vc_row][vc_column width=&#8221;1\/3&#8243;][\/vc_column][vc_column width=&#8221;1\/3&#8243;][\/vc_column][vc_column width=&#8221;1\/3&#8243;][\/vc_column][\/vc_row][vc_row][vc_column width=&#8221;1\/3&#8243;][\/vc_column][vc_column width=&#8221;1\/3&#8243;][\/vc_column][vc_column width=&#8221;1\/3&#8243;][\/vc_column][\/vc_row]<\/p>\n","protected":false},"author":1,"featured_media":0,"parent":0,"menu_order":3,"comment_status":"closed","ping_status":"closed","template":"","meta":{"footnotes":""},"class_list":["post-10","page","type-page","status-publish","hentry","description-off"],"aioseo_notices":[],"_links":{"self":[{"href":"https:\/\/www.cartracker.sk\/hr\/wp-json\/wp\/v2\/pages\/10","targetHints":{"allow":["GET"]}}],"collection":[{"href":"https:\/\/www.cartracker.sk\/hr\/wp-json\/wp\/v2\/pages"}],"about":[{"href":"https:\/\/www.cartracker.sk\/hr\/wp-json\/wp\/v2\/types\/page"}],"author":[{"embeddable":true,"href":"https:\/\/www.cartracker.sk\/hr\/wp-json\/wp\/v2\/users\/1"}],"replies":[{"embeddable":true,"href":"https:\/\/www.cartracker.sk\/hr\/wp-json\/wp\/v2\/comments?post=10"}],"version-history":[{"count":57,"href":"https:\/\/www.cartracker.sk\/hr\/wp-json\/wp\/v2\/pages\/10\/revisions"}],"predecessor-version":[{"id":1701,"href":"https:\/\/www.cartracker.sk\/hr\/wp-json\/wp\/v2\/pages\/10\/revisions\/1701"}],"wp:attachment":[{"href":"https:\/\/www.cartracker.sk\/hr\/wp-json\/wp\/v2\/media?parent=10"}],"curies":[{"name":"wp","href":"https:\/\/api.w.org\/{rel}","templated":true}]}}