{"id":31,"date":"2020-07-13T13:00:09","date_gmt":"2020-07-13T11:00:09","guid":{"rendered":"https:\/\/www.cartracker.sk\/?page_id=31"},"modified":"2020-12-02T14:23:17","modified_gmt":"2020-12-02T13:23:17","slug":"truckmanager-profesionalny-gps-system-stahovanie-kariet-cez-mobil","status":"publish","type":"page","link":"https:\/\/www.cartracker.sk\/en\/produkty\/truckmanager-profesionalny-gps-system-stahovanie-kariet-cez-mobil\/","title":{"rendered":"TruckManager PROFESSIONAL GPS FORWARDING SYSTEM + remote download of card via phone"},"content":{"rendered":"<div class=\"wpb-content-wrapper\"><p>[vc_row][vc_column width=&#8221;1\/4&#8243;][vc_single_image image=&#8221;234&#8243; img_size=&#8221;full&#8221; alignment=&#8221;center&#8221;][\/vc_column][vc_column width=&#8221;1\/4&#8243;]<div class=\"ult-animation  ult-animate-viewport  ult-no-mobile \" data-animate=\"fadeInRight\" data-animation-delay=\"1\" data-animation-duration=\"2\" data-animation-iteration=\"1\" style=\"opacity:0;\" data-opacity_start_effect=\"\">[vc_column_text css=&#8221;.vc_custom_1594966845737{padding-top: 20px !important;padding-right: 20px !important;padding-bottom: 20px !important;padding-left: 20px !important;background-color: #398e00 !important;border-radius: 5px !important;}&#8221;]<\/p>\n<p style=\"text-align: center;\"><span style=\"color: #ffffff;\"><strong><big>\u017diadne<\/big><\/strong><\/span><br \/>\n<span style=\"color: #ffffff;\">vstupn\u00e9 n\u00e1klady<\/span><br \/>\n<span style=\"color: #ffffff;\">ani mont\u00e1\u017e do vozidla<\/span><\/p>\n<p>[\/vc_column_text]<\/div><div class=\"ult-animation  ult-animate-viewport  ult-no-mobile \" data-animate=\"fadeInRight\" data-animation-delay=\"2\" data-animation-duration=\"2\" data-animation-iteration=\"1\" style=\"opacity:0;\" data-opacity_start_effect=\"\">[vc_column_text css=&#8221;.vc_custom_1594967154264{padding-top: 20px !important;padding-right: 20px !important;padding-bottom: 20px !important;padding-left: 20px !important;background-color: #398e00 !important;border-radius: 5px !important;}&#8221;]<\/p>\n<p style=\"text-align: center;\"><span style=\"color: #ffffff;\"><strong><big>V\u0161etky<\/big><\/strong><\/span><br \/>\n<span style=\"color: #ffffff;\">\u00fadaje u\u017e m\u00e1te<\/span><br \/>\n<span style=\"color: #ffffff;\">iba ich vyu\u017eijete<\/span><\/p>\n<p>[\/vc_column_text]<\/div><div class=\"ult-animation  ult-animate-viewport  ult-no-mobile \" data-animate=\"fadeInRight\" data-animation-delay=\"3\" data-animation-duration=\"2\" data-animation-iteration=\"1\" style=\"opacity:0;\" data-opacity_start_effect=\"\">[vc_column_text css=&#8221;.vc_custom_1594967169081{padding-top: 20px !important;padding-right: 20px !important;padding-bottom: 20px !important;padding-left: 20px !important;background-color: #398e00 !important;border-radius: 5px !important;}&#8221;]<\/p>\n<p style=\"text-align: center;\"><span style=\"color: #ffffff;\"><strong><big>Jednoduch\u00e9<\/big><\/strong><\/span><br \/>\n<span style=\"color: #ffffff;\">intuit\u00edvne ovl\u00e1danie<\/span><br \/>\n<span style=\"color: #ffffff;\">a u\u017e\u00edvate\u013esk\u00e9 prostredie<\/span><\/p>\n<p>[\/vc_column_text]<\/div>[\/vc_column][vc_column width=&#8221;1\/2&#8243;][vc_column_text]<strong>TruckManager is a system for any sizes transport and forwarding company. What to expect ?<\/strong><\/p>\n<p><strong>1. Driver<\/strong><\/p>\n<p>Navigation, Komunication, Documents, Correctly calculated salary, Download of card<\/p>\n<p><strong> 2. Dispatcher<\/strong><\/p>\n<p>Current location, Operating modes, Status display, Communication, Dispositions for drivers, Driving destinations, System messages, EU regulation 561\/2006, Documents, Data sharing, Customer monitoring, Favorite addresses, EU business directory<\/p>\n<p><strong>3. Accountant<\/strong><\/p>\n<p>Statements, Documents for invoices, Pallet evidence, Exchange rates, VAT refunds from the EU<\/p>\n<p><strong>4. Company management<\/strong><\/p>\n<p>Employee evaluation, Fuel savings, Time savings, Vehicle service, Profits and losses, API for your IS, Savings for transport software, Reduction of administration, Order in documentation, Personalization, Return on investment, Increase of profits<\/p>\n<p><strong>Application Truckmanager is only for Android smartphones.<\/strong><\/p>\n<p>Before installing, make sure that your phone supports OTG. Find and install a test program (like OTG Checker) on Google Play.<\/p>\n<p><strong>CarTracker customers is the remote donwload of card cost free \u2013<\/strong><\/p>\n<p><strong>Even though is free, must be created an account on our servers and allow your phone numbers to send data. Please download the following form and send it to us: <\/strong><a href=\"https:\/\/www.cartracker.sk\/userfiles\/download\/FormForNewCustomer.xlsx\" target=\"_blank\" rel=\"noopener noreferrer\">Form for regsitration.<\/a><\/p>\n<p>Card reader with the reduction for Mini USB a USB C, we will supply you.<\/p>\n<p>If your company is registered, you bought card readers, you can install the application on your smartphone, <a href=\"https:\/\/truckmanager.eu\/dn\/tm.apk\" target=\"_blank\" rel=\"noopener noreferrer\">download it here<\/a>.<\/p>\n<p><a href=\"http:\/\/www.truckmanager.eu\/\" target=\"_blank\" rel=\"noopener noreferrer\">Original website of TruckManager<\/a>[\/vc_column_text][\/vc_column][\/vc_row]<\/p>\n<\/div>","protected":false},"excerpt":{"rendered":"<p>[vc_row][vc_column width=&#8221;1\/4&#8243;][vc_single_image image=&#8221;234&#8243; img_size=&#8221;full&#8221; alignment=&#8221;center&#8221;][\/vc_column][vc_column width=&#8221;1\/4&#8243;][\/vc_column][vc_column width=&#8221;1\/2&#8243;][vc_column_text]TruckManager is a system for any sizes transport and forwarding company. What to expect ? 1. Driver Navigation, Komunication, Documents, Correctly calculated salary, Download of card 2. Dispatcher Current location, Operating modes, Status display, Communication, Dispositions for drivers, Driving destinations, System messages, EU regulation 561\/2006, Documents, Data sharing, Customer&hellip;<\/p>\n","protected":false},"author":1,"featured_media":0,"parent":10,"menu_order":8,"comment_status":"closed","ping_status":"closed","template":"","meta":{"footnotes":""},"class_list":["post-31","page","type-page","status-publish","hentry","description-off"],"aioseo_notices":[],"_links":{"self":[{"href":"https:\/\/www.cartracker.sk\/en\/wp-json\/wp\/v2\/pages\/31","targetHints":{"allow":["GET"]}}],"collection":[{"href":"https:\/\/www.cartracker.sk\/en\/wp-json\/wp\/v2\/pages"}],"about":[{"href":"https:\/\/www.cartracker.sk\/en\/wp-json\/wp\/v2\/types\/page"}],"author":[{"embeddable":true,"href":"https:\/\/www.cartracker.sk\/en\/wp-json\/wp\/v2\/users\/1"}],"replies":[{"embeddable":true,"href":"https:\/\/www.cartracker.sk\/en\/wp-json\/wp\/v2\/comments?post=31"}],"version-history":[{"count":26,"href":"https:\/\/www.cartracker.sk\/en\/wp-json\/wp\/v2\/pages\/31\/revisions"}],"predecessor-version":[{"id":693,"href":"https:\/\/www.cartracker.sk\/en\/wp-json\/wp\/v2\/pages\/31\/revisions\/693"}],"up":[{"embeddable":true,"href":"https:\/\/www.cartracker.sk\/en\/wp-json\/wp\/v2\/pages\/10"}],"wp:attachment":[{"href":"https:\/\/www.cartracker.sk\/en\/wp-json\/wp\/v2\/media?parent=31"}],"curies":[{"name":"wp","href":"https:\/\/api.w.org\/{rel}","templated":true}]}}